{"id":24,"date":"2015-08-11T15:28:27","date_gmt":"2015-08-11T13:28:27","guid":{"rendered":"https:\/\/feuerwehr.vgdaun.de\/wp\/?page_id=24"},"modified":"2021-06-09T12:42:22","modified_gmt":"2021-06-09T10:42:22","slug":"dienst-in-der-feuerwehr","status":"publish","type":"page","link":"https:\/\/feuerwehr.vgdaun.de\/wp\/allgemein\/dienst-in-der-feuerwehr\/","title":{"rendered":"Dienst in der Feuerwehr"},"content":{"rendered":"<p><strong>Voraussetzungen zur Aufnahme in den Aktiven Dienst der Feuerwehren<\/strong><b>:<\/b><\/p>\n<ol start=\"1\" type=\"1\">\n<li>Vollendung des 16. Lebensjahres und<\/li>\n<li>Vorlage eines \u00e4rztlichen Attestes, dass gegen den Dienst in der Feuerwehr keine gesundheitlichen Bedenken bestehen<\/li>\n<\/ol>\n<p>Bei Minderj\u00e4hrigen wird zus\u00e4tzlich eine Einverst\u00e4ndniserkl\u00e4rung des Personensorgeberechtigten verlangt. (Hierzu existiert ein Vordruck &#8222;Einverst\u00e4ndniserkl\u00e4rung&#8220;)<\/p>\n<p>Die Verpflichtung zum Dienst in der Feuerwehr erfolgt durch den B\u00fcrgermeister der Verbandsgemeinde per Handschlag.<\/p>\n<p><strong>Der Feuerwehrdienst endet kraft Gesetz mit Vollendung des 63. Lebensjahres.<\/strong><\/p>\n<p>Nach Vollendung des 67. Lebensjahres scheiden die Feuerwehrangeh\u00f6rigen aus dem aktiven Dienst aus und werden in die Alters- und Ehrenabteilung der jeweiligen Feuerwehreinheit \u00fcbernommen. Sofern der oder die Feuerwehrangeh\u00f6rige geistig und k\u00f6rperlich in der Lage ist, kann er bei Mangel an Einsatzkr\u00e4ften an Eins\u00e4tzen, \u00dcbungen und sonstigen Veranstaltungen der Freiwilligen Feuerwehr teilnehmen.<\/p>\n<p><strong>Versicherungsschutz<\/strong><\/p>\n<p>F\u00fcr alle Personen, welche sich in der Freiwilligen Feuerwehr aktiv bet\u00e4tigen besteht ein gesetzlicher Versicherungsschutz f\u00fcr immaterielle Sch\u00e4den \u00fcber die Unfallkasse Rheinland-Pfalz. Ein erweiterter Versicherungsschutz bei Personensch\u00e4den besteht zudem \u00fcber eine freiwillige Zusatzversicherung der Verbandsgemeinde Daun F\u00fcr materielle Sch\u00e4den hat die Verbandsgemeinde Daun eine weitere zus\u00e4tzliche Versicherung \u00fcber den Gemeindeversicherungsverband abgeschlossen.<\/p>\n<p>Versichert sind alle Mitglieder der Freiwilligen Feuerwehr, angefangen von den Bambini-Wehren bis hin zur Altersabteilung. Der Versicherungsschutz umfasst s\u00e4mtliche T\u00e4tigkeiten, die im Zusammenhang mit dem Feuerwehrdienst stehen. Hierzu geh\u00f6rt z. B. auch die An- und Abfahrt zum Feuerwehrhaus bei Eins\u00e4tzen und \u00dcbungen oder der Transport von Mitglieder der Bambini- oder Jugendfeuerwehr durch Betreuer.<\/p>\n","protected":false},"excerpt":{"rendered":"<div class=\"mh-excerpt\"><p>Voraussetzungen zur Aufnahme in den Aktiven Dienst der Feuerwehren: Vollendung des 16. Lebensjahres und Vorlage eines \u00e4rztlichen Attestes, dass gegen den Dienst in der Feuerwehr <a class=\"mh-excerpt-more\" href=\"https:\/\/feuerwehr.vgdaun.de\/wp\/allgemein\/dienst-in-der-feuerwehr\/\" title=\"Dienst in der Feuerwehr\">[&#8230;]<\/a><\/p>\n<\/div>","protected":false},"author":3,"featured_media":0,"parent":13,"menu_order":0,"comment_status":"closed","ping_status":"closed","template":"","meta":{"footnotes":""},"class_list":["post-24","page","type-page","status-publish","hentry"],"_links":{"self":[{"href":"https:\/\/feuerwehr.vgdaun.de\/wp\/wp-json\/wp\/v2\/pages\/24","targetHints":{"allow":["GET"]}}],"collection":[{"href":"https:\/\/feuerwehr.vgdaun.de\/wp\/wp-json\/wp\/v2\/pages"}],"about":[{"href":"https:\/\/feuerwehr.vgdaun.de\/wp\/wp-json\/wp\/v2\/types\/page"}],"author":[{"embeddable":true,"href":"https:\/\/feuerwehr.vgdaun.de\/wp\/wp-json\/wp\/v2\/users\/3"}],"replies":[{"embeddable":true,"href":"https:\/\/feuerwehr.vgdaun.de\/wp\/wp-json\/wp\/v2\/comments?post=24"}],"version-history":[{"count":2,"href":"https:\/\/feuerwehr.vgdaun.de\/wp\/wp-json\/wp\/v2\/pages\/24\/revisions"}],"predecessor-version":[{"id":2759,"href":"https:\/\/feuerwehr.vgdaun.de\/wp\/wp-json\/wp\/v2\/pages\/24\/revisions\/2759"}],"up":[{"embeddable":true,"href":"https:\/\/feuerwehr.vgdaun.de\/wp\/wp-json\/wp\/v2\/pages\/13"}],"wp:attachment":[{"href":"https:\/\/feuerwehr.vgdaun.de\/wp\/wp-json\/wp\/v2\/media?parent=24"}],"curies":[{"name":"wp","href":"https:\/\/api.w.org\/{rel}","templated":true}]}}